{"id":14,"date":"2016-07-07T20:51:25","date_gmt":"2016-07-07T20:51:25","guid":{"rendered":"http:\/\/www.odontodulce.com.br\/?page_id=14"},"modified":"2022-08-29T18:12:18","modified_gmt":"2022-08-29T18:12:18","slug":"endodontia-2","status":"publish","type":"page","link":"https:\/\/odontodulce.com.br\/index.php\/endodontia-2\/","title":{"rendered":"Est\u00e9tica"},"content":{"rendered":"\t\t<div data-elementor-type=\"wp-page\" data-elementor-id=\"14\" class=\"elementor elementor-14\">\n\t\t\t\t\t\t<section class=\"elementor-section elementor-top-section elementor-element elementor-element-5038ebab elementor-section-boxed elementor-section-height-default elementor-section-height-default\" data-id=\"5038ebab\" data-element_type=\"section\" data-e-type=\"section\">\n\t\t\t\t\t\t<div class=\"elementor-container elementor-column-gap-default\">\n\t\t\t\t\t<div class=\"elementor-column elementor-col-100 elementor-top-column elementor-element elementor-element-53b6e527\" data-id=\"53b6e527\" data-element_type=\"column\" data-e-type=\"column\">\n\t\t\t<div class=\"elementor-widget-wrap\">\n\t\t\t\t\t\t\t<\/div>\n\t\t<\/div>\n\t\t\t\t\t<\/div>\n\t\t<\/section>\n\t\t\t\t<section class=\"elementor-section elementor-top-section elementor-element elementor-element-5277a0d elementor-section-boxed elementor-section-height-default elementor-section-height-default\" data-id=\"5277a0d\" data-element_type=\"section\" data-e-type=\"section\">\n\t\t\t\t\t\t<div class=\"elementor-container elementor-column-gap-default\">\n\t\t\t\t\t<div class=\"elementor-column elementor-col-100 elementor-top-column elementor-element elementor-element-5d943d4\" data-id=\"5d943d4\" data-element_type=\"column\" data-e-type=\"column\">\n\t\t\t<div class=\"elementor-widget-wrap elementor-element-populated\">\n\t\t\t\t\t\t<div class=\"elementor-element elementor-element-ce876d8 elementor-widget elementor-widget-elementskit-heading\" data-id=\"ce876d8\" data-element_type=\"widget\" data-e-type=\"widget\" data-widget_type=\"elementskit-heading.default\">\n\t\t\t\t<div class=\"elementor-widget-container\">\n\t\t\t\t\t<div class=\"ekit-wid-con\" ><div class=\"ekit-heading elementskit-section-title-wraper text_center   ekit_heading_tablet-   ekit_heading_mobile-\"><h2 class=\"ekit-heading--title elementskit-section-title \">Est\u00e9tica<\/h2><\/div><\/div>\t\t\t\t<\/div>\n\t\t\t\t<\/div>\n\t\t\t\t<div class=\"elementor-element elementor-element-695fc47f elementor-widget elementor-widget-text-editor\" data-id=\"695fc47f\" data-element_type=\"widget\" data-e-type=\"widget\" data-widget_type=\"text-editor.default\">\n\t\t\t\t<div class=\"elementor-widget-container\">\n\t\t\t\t\t\t\t\t\t<p><a href=\"https:\/\/odontodulce.com.br\/wp-content\/uploads\/2016\/07\/estetica.png\"><img fetchpriority=\"high\" decoding=\"async\" class=\"alignnone size-full wp-image-19 aligncenter\" src=\"https:\/\/odontodulce.com.br\/wp-content\/uploads\/2016\/07\/estetica.png\" alt=\"estetica\" width=\"634\" height=\"437\" srcset=\"https:\/\/odontodulce.com.br\/wp-content\/uploads\/2016\/07\/estetica.png 634w, https:\/\/odontodulce.com.br\/wp-content\/uploads\/2016\/07\/estetica-300x207.png 300w\" sizes=\"(max-width: 634px) 100vw, 634px\" \/><\/a><\/p>\t\t\t\t\t\t\t\t<\/div>\n\t\t\t\t<\/div>\n\t\t\t\t\t<\/div>\n\t\t<\/div>\n\t\t\t\t\t<\/div>\n\t\t<\/section>\n\t\t\t\t<section class=\"elementor-section elementor-top-section elementor-element elementor-element-a5b1f5d elementor-section-boxed elementor-section-height-default elementor-section-height-default\" data-id=\"a5b1f5d\" data-element_type=\"section\" data-e-type=\"section\">\n\t\t\t\t\t\t<div class=\"elementor-container elementor-column-gap-default\">\n\t\t\t\t\t<div class=\"elementor-column elementor-col-100 elementor-top-column elementor-element elementor-element-fae3b3e\" data-id=\"fae3b3e\" data-element_type=\"column\" data-e-type=\"column\">\n\t\t\t<div class=\"elementor-widget-wrap elementor-element-populated\">\n\t\t\t\t\t\t<div class=\"elementor-element elementor-element-1290b89 elementor-widget elementor-widget-text-editor\" data-id=\"1290b89\" data-element_type=\"widget\" data-e-type=\"widget\" data-widget_type=\"text-editor.default\">\n\t\t\t\t<div class=\"elementor-widget-container\">\n\t\t\t\t\t\t\t\t\t<p>Existem uma s\u00e9rie de tratamentos dispon\u00edveis para melhorar a est\u00e9tica de seus dentes. Por meio de procedimentos est\u00e9ticos \u00e9 poss\u00edvel:<\/p><p>* Harmonizar a est\u00e9tica entre dente e gengiva<\/p><p>* Repor um dente ausente<\/p><p>* Clareamento dental<\/p><p>* Trocar trabalhos antigos ou com est\u00e9tica ruim<\/p><p>* Realizar restaura\u00e7\u00e3o de um dente de forma est\u00e9tica<\/p><p>* Reposicionar dentes desalinhados<\/p><p>* Mudar o formato e a colora\u00e7\u00e3o de dentes<\/p><p><strong>Lentes de contato<\/strong><\/p><p>Um sorriso mais bonito e harmonioso agora ao seu alcance! A lente de contato dental \u00e9 uma faceta de porcelana ultrafina que, quando aplicada, corrige diversos problemas nos dentes que comprometem a est\u00e9tica do sorriso. S\u00e3o problemas como manchas (ou despigmenta\u00e7\u00e3o), assimetrias, formatos, fraturas e diastemas (espa\u00e7os entre dentes). A faceta \u00e9 colada sobre um ou mais dentes e tem a fun\u00e7\u00e3o de cobrir esses defeitos. A porcelana \u00e9 um material muito semelhante aos dentes naturais e acompanha forma, tonalidade e textura dos demais dentes.<\/p><p><strong>Restaura\u00e7\u00f5es e facetas est\u00e9ticas em resina ou porcelana<\/strong><\/p><p>S\u00e3o in\u00fameras as reclama\u00e7\u00f5es das pessoas em rela\u00e7\u00e3o \u00e0 apar\u00eancia de seus dentes, tanto para aquelas causadas por doen\u00e7as ou m\u00e1 forma\u00e7\u00f5es (dentes tortos, formatos \u201cestranho\u201d, etc), como tamb\u00e9m por efeitos est\u00e9ticos ruins causados por tratamentos odontol\u00f3gicos (restaura\u00e7\u00f5es escuras feitas de am\u00e1lgama ou ligas met\u00e1licas, restaura\u00e7\u00f5es antigas e manchadas, faixa escura na gengiva em pr\u00f3teses antigas, etc).<\/p><p>A tecnologia de desenvolvimento de novos materiais proporciona a substitui\u00e7\u00e3o de restaura\u00e7\u00f5es met\u00e1licas por restaura\u00e7\u00f5es est\u00e9ticas em resina ou porcelana. Pr\u00f3teses e coroas podem ser atualmente confeccionadas em porcelana sem a presen\u00e7a de metais deixando um aspecto mais natural nos dentes e conseq\u00fcentemente no sorriso, sem que outras pessoas percebam.<\/p><p>As facetas laminadas em porcelanas s\u00e3o t\u00e9cnicas est\u00e9ticas onde, atrav\u00e9s de um pequeno desgaste na estrutura dental, coloca-se uma \u201ccapa\u201d de porcelana para alterar o formato e alinhar os dentes, alterar a colora\u00e7\u00e3o dos dentes deixando um sorriso mais harm\u00f4nico.O tratamento est\u00e9tico pode estar\u00a0associando \u00e0 t\u00e9cnicas de clareamento dos dentes para melhorar o resultado final.<\/p><p><strong>Clareamento dental<\/strong> Ou <strong>clareamento dent\u00e1rio<\/strong> \u00e9 um tratamento utilizado para tornar os dentes mais brancos.<\/p><p><strong>M\u00e9todo<\/strong><\/p><p>O clareamento dental pode ser realizado basicamente de duas maneiras: num consult\u00f3rio dent\u00e1rio ou em tratamento caseiro,com a supervis\u00e3o do cirurgi\u00e3o-dentista. Todos os diferentes tipos de tratamento para clareamento dental utilizam um gel para clarear o dente. Quanto maior a concentra\u00e7\u00e3o do gel, mais r\u00e1pido pode ser realizado o clareamento.<\/p><p><strong>Acompanhado por dentista<\/strong><\/p><p>Concentra\u00e7\u00f5es elevadas (acima de 25%) s\u00f3 podem ser feitas em consult\u00f3rio. O gel nessas concentra\u00e7\u00f5es podem queimar as mucosas e s\u00e3o necess\u00e1rios cuidados especiais.<\/p><p>Os tratamentos feitos em consult\u00f3rio exigem normalmente duas se\u00e7\u00f5es de cerca de 1h00 e o gel \u00e9 ativado por uma fonte de luz (LED).<\/p><p><strong>Caseiro<\/strong><\/p><p>O clareamento caseiro \u00e9 feito com gel de menor concentra\u00e7\u00e3o (3,5 a 22%) e moldeiras de silicone. Para apresentar resultados, o tratamento caseiro demora no m\u00ednimo 15 dias e o uso do gel e da moldeira varia de 1 a 6 horas por dia. Embora a concentra\u00e7\u00e3o do gel seja menor nesse tratamento, mesmo assim recomenda-se o acompanhamento de um dentista,pois o gel n\u00e3o exerce nenhum efeito sobre as resinas ou porcelanas.<\/p><p><strong>Riscos<\/strong><\/p><p>Os principais riscos s\u00e3o uma sensibilidade temporariamente aumentada nos dentes, um clareamento excessivo e queimaduras qu\u00edmicas.<\/p><p><strong>Indica\u00e7\u00e3o para o tratamento<\/strong><\/p><p>O clareamento dental \u00e9 indicado para pessoas que tenham dentes amarelados e queiram melhorar sua apar\u00eancia. Nem todos os dentes podem ser beneficiados pelo tratamento, pois as causas do escurecimento podem ser diversas.<\/p><p><strong>Reabilita\u00e7ao Oral<\/strong><\/p><p>Em um mundo competitivo e cheio de dificuldades como o de hoje, qualquer diferen\u00e7a pode trazer vantagem. Tanto na vida pessoal quanto na profissional, a primeira impress\u00e3o \u00e9 essencial. E todos n\u00f3s sabemos que o sorriso \u00e9 nosso principal cart\u00e3o de visitas e ter dentes bonitos e alinhados deixa voc\u00ea em posi\u00e7\u00e3o de destaque nas suas rela\u00e7\u00f5es.<\/p><p>Contudo, sabemos que muitas vezes temos problemas dent\u00e1rios por quest\u00f5es gen\u00e9ticas, bem como prejudicamos a sa\u00fade bucal com h\u00e1bitos ruins, como tabagismo, m\u00e1 escova\u00e7\u00e3o, m\u00e1 alimenta\u00e7\u00e3o e ingest\u00e3o de bebidas como caf\u00e9 ou vinho \u2013 que escurecem nossa denti\u00e7\u00e3o.<\/p><p><strong>O que \u00e9?<\/strong><\/p><p>A reabilita\u00e7\u00e3o oral consiste em uma atua\u00e7\u00e3o multidisciplinar, onde s\u00e3o executados todos os procedimentos necess\u00e1rios para reabilitar a sa\u00fade e est\u00e9tica dent\u00e1ria do paciente. Cada caso pede certos tipos de procedimentos e o profissional capacitado saber\u00e1 como realiz\u00e1-los.<\/p><p><strong>Como \u00e9 feita<\/strong><\/p><p>Cada caso \u00e9 muito bem analisado, muitas vezes em equipe, e em situa\u00e7\u00f5es muito problem\u00e1ticas \u00e9 demandado um planejamento maior para que as necessidades sejam totalmente atendidas. A expectativa do paciente \u00e9 um fator que \u00e9 sempre levado em conta, para deixar claro que n\u00e3o ser\u00e1 poss\u00edvel superar as possibilidades reais que s\u00e3o oferecidas pelos tratamentos que temos nos dias de hoje.<\/p><p>\u00c9 produzido um modelo de gesso da arcada dent\u00e1ria que sofrer\u00e1 corre\u00e7\u00e3o e, a partir da sua an\u00e1lise, \u00e9 trabalhada uma idealiza\u00e7\u00e3o do que pode ser executado e dos resultados que podem ser conseguidos. \u00c9 necess\u00e1ria tamb\u00e9m uma completa avalia\u00e7\u00e3o radiol\u00f3gica para saber o estado bucal como um todo e prevenir e corrigir qualquer problema menos vis\u00edvel.<\/p><p><strong>Pacientes com indica\u00e7\u00e3o<\/strong><\/p><p>S\u00e3o in\u00fameros os benef\u00edcios da reabilita\u00e7\u00e3o oral e v\u00e1rias pessoas podem se valer deles. Os maiores candidatos ao tratamento s\u00e3o pessoas com muitos anos de falta de cuidado com a sa\u00fade bucal, com ocorr\u00eancia concomitante de um problema periodontal. Tamb\u00e9m s\u00e3o candidatas pessoas que perderam um ou mais dentes, indiv\u00edduos com oclus\u00e3o inadequada, pacientes com hist\u00f3rico de desgaste, eros\u00e3o ou bruxismo.<\/p>\t\t\t\t\t\t\t\t<\/div>\n\t\t\t\t<\/div>\n\t\t\t\t\t<\/div>\n\t\t<\/div>\n\t\t\t\t\t<\/div>\n\t\t<\/section>\n\t\t\t\t<section class=\"elementor-section elementor-top-section elementor-element elementor-element-6ca4518 elementor-section-boxed elementor-section-height-default elementor-section-height-default\" data-id=\"6ca4518\" data-element_type=\"section\" data-e-type=\"section\" data-settings=\"{&quot;background_background&quot;:&quot;classic&quot;}\">\n\t\t\t\t\t\t<div class=\"elementor-container elementor-column-gap-default\">\n\t\t\t\t\t<div class=\"elementor-column elementor-col-100 elementor-top-column elementor-element elementor-element-5941591\" data-id=\"5941591\" data-element_type=\"column\" data-e-type=\"column\">\n\t\t\t<div class=\"elementor-widget-wrap elementor-element-populated\">\n\t\t\t\t\t\t<section class=\"elementor-section elementor-inner-section elementor-element elementor-element-a5f8fb2 elementor-section-boxed elementor-section-height-default elementor-section-height-default\" data-id=\"a5f8fb2\" data-element_type=\"section\" data-e-type=\"section\">\n\t\t\t\t\t\t<div class=\"elementor-container elementor-column-gap-default\">\n\t\t\t\t\t<div class=\"elementor-column elementor-col-100 elementor-inner-column elementor-element elementor-element-3333719\" data-id=\"3333719\" data-element_type=\"column\" data-e-type=\"column\">\n\t\t\t<div class=\"elementor-widget-wrap elementor-element-populated\">\n\t\t\t\t\t\t<div class=\"elementor-element elementor-element-e5b65ee elementor-widget elementor-widget-elementskit-heading\" data-id=\"e5b65ee\" data-element_type=\"widget\" data-e-type=\"widget\" data-widget_type=\"elementskit-heading.default\">\n\t\t\t\t<div class=\"elementor-widget-container\">\n\t\t\t\t\t<div class=\"ekit-wid-con\" ><div class=\"ekit-heading elementskit-section-title-wraper text_center   ekit_heading_tablet-   ekit_heading_mobile-\"><h4 class=\"elementskit-section-subtitle  \">\n\t\t\t\t\t\tFALE CONOSCO\n\t\t\t\t\t<\/h4><h2 class=\"ekit-heading--title elementskit-section-title \">Envie suas du\u0301vidas e comenta\u0301rios<\/h2>\t\t\t\t<div class='ekit-heading__description'>\n\t\t\t\t\t<p>Preencha o formula\u0301rio abaixo e entraremos em contato o mais breve poss\u00edvel.<\/p>\n\t\t\t\t<\/div>\n\t\t\t<\/div><\/div>\t\t\t\t<\/div>\n\t\t\t\t<\/div>\n\t\t\t\t\t<\/div>\n\t\t<\/div>\n\t\t\t\t\t<\/div>\n\t\t<\/section>\n\t\t\t\t<section class=\"elementor-section elementor-inner-section elementor-element elementor-element-0dc27db elementor-section-boxed elementor-section-height-default elementor-section-height-default\" data-id=\"0dc27db\" data-element_type=\"section\" data-e-type=\"section\">\n\t\t\t\t\t\t<div class=\"elementor-container elementor-column-gap-default\">\n\t\t\t\t\t<div class=\"elementor-column elementor-col-33 elementor-inner-column elementor-element elementor-element-e06c641\" data-id=\"e06c641\" data-element_type=\"column\" data-e-type=\"column\">\n\t\t\t<div class=\"elementor-widget-wrap\">\n\t\t\t\t\t\t\t<\/div>\n\t\t<\/div>\n\t\t\t\t<div class=\"elementor-column elementor-col-33 elementor-inner-column elementor-element elementor-element-5ce9fb6\" data-id=\"5ce9fb6\" data-element_type=\"column\" data-e-type=\"column\">\n\t\t\t<div class=\"elementor-widget-wrap elementor-element-populated\">\n\t\t\t\t\t\t<div class=\"elementor-element elementor-element-dcaa50c elementor-widget elementor-widget-elementskit-contact-form7\" data-id=\"dcaa50c\" data-element_type=\"widget\" data-e-type=\"widget\" data-widget_type=\"elementskit-contact-form7.default\">\n\t\t\t\t<div class=\"elementor-widget-container\">\n\t\t\t\t\t<div class=\"ekit-wid-con\" ><div class=\"ekit-form\">\n<div class=\"wpcf7 no-js\" id=\"wpcf7-f69-p14-o1\" lang=\"pt-BR\" dir=\"ltr\" data-wpcf7-id=\"69\">\n<div class=\"screen-reader-response\"><p role=\"status\" aria-live=\"polite\" aria-atomic=\"true\"><\/p> <ul><\/ul><\/div>\n<form action=\"\/index.php\/endodontia-2\/#wpcf7-f69-p14-o1\" method=\"post\" class=\"wpcf7-form init\" aria-label=\"Formul\u00e1rios de contato\" novalidate=\"novalidate\" data-status=\"init\">\n<fieldset class=\"hidden-fields-container\"><input type=\"hidden\" name=\"_wpcf7\" value=\"69\" \/><input type=\"hidden\" name=\"_wpcf7_version\" value=\"6.1.5\" \/><input type=\"hidden\" name=\"_wpcf7_locale\" value=\"pt_BR\" \/><input type=\"hidden\" name=\"_wpcf7_unit_tag\" value=\"wpcf7-f69-p14-o1\" \/><input type=\"hidden\" name=\"_wpcf7_container_post\" value=\"14\" \/><input type=\"hidden\" name=\"_wpcf7_posted_data_hash\" value=\"\" \/>\n<\/fieldset>\n<p><label> Nome:<br \/>\n<span class=\"wpcf7-form-control-wrap\" data-name=\"your-name\"><input size=\"40\" maxlength=\"400\" class=\"wpcf7-form-control wpcf7-text wpcf7-validates-as-required\" aria-required=\"true\" aria-invalid=\"false\" value=\"\" type=\"text\" name=\"your-name\" \/><\/span> <\/label>\n<\/p>\n<p><label> E-mail:<br \/>\n<span class=\"wpcf7-form-control-wrap\" data-name=\"your-email\"><input size=\"40\" maxlength=\"400\" class=\"wpcf7-form-control wpcf7-email wpcf7-validates-as-required wpcf7-text wpcf7-validates-as-email\" aria-required=\"true\" aria-invalid=\"false\" value=\"\" type=\"email\" name=\"your-email\" \/><\/span> <\/label>\n<\/p>\n<p><label> WhatsApp:<br \/>\n<span class=\"wpcf7-form-control-wrap\" data-name=\"tel-335\"><input size=\"40\" maxlength=\"400\" class=\"wpcf7-form-control wpcf7-tel wpcf7-validates-as-required wpcf7-text wpcf7-validates-as-tel\" aria-required=\"true\" aria-invalid=\"false\" value=\"\" type=\"tel\" name=\"tel-335\" \/><\/span> <\/label>\n<\/p>\n<p><label> Mensagem:<br \/>\n<span class=\"wpcf7-form-control-wrap\" data-name=\"your-message\"><textarea cols=\"40\" rows=\"10\" maxlength=\"2000\" class=\"wpcf7-form-control wpcf7-textarea\" aria-invalid=\"false\" name=\"your-message\"><\/textarea><\/span> <\/label>\n<\/p>\n<p><input class=\"wpcf7-form-control wpcf7-submit has-spinner\" type=\"submit\" value=\"Enviar\" \/>\n<\/p><div class=\"wpcf7-response-output\" aria-hidden=\"true\"><\/div>\n<\/form>\n<\/div>\n<\/div><\/div>\t\t\t\t<\/div>\n\t\t\t\t<\/div>\n\t\t\t\t\t<\/div>\n\t\t<\/div>\n\t\t\t\t<div class=\"elementor-column elementor-col-33 elementor-inner-column elementor-element elementor-element-31ba896\" data-id=\"31ba896\" data-element_type=\"column\" data-e-type=\"column\">\n\t\t\t<div class=\"elementor-widget-wrap\">\n\t\t\t\t\t\t\t<\/div>\n\t\t<\/div>\n\t\t\t\t\t<\/div>\n\t\t<\/section>\n\t\t\t\t\t<\/div>\n\t\t<\/div>\n\t\t\t\t\t<\/div>\n\t\t<\/section>\n\t\t\t\t<\/div>\n\t\t","protected":false},"excerpt":{"rendered":"<p>Est\u00e9tica Existem uma s\u00e9rie de tratamentos dispon\u00edveis para melhorar a est\u00e9tica de seus dentes. Por meio de procedimentos est\u00e9ticos \u00e9 poss\u00edvel: * Harmonizar a est\u00e9tica entre dente e gengiva * Repor um dente ausente * Clareamento dental * Trocar trabalhos antigos ou com est\u00e9tica ruim * Realizar restaura\u00e7\u00e3o de um dente de forma est\u00e9tica * [&hellip;]<\/p>\n","protected":false},"author":1,"featured_media":0,"parent":0,"menu_order":0,"comment_status":"closed","ping_status":"closed","template":"elementor_header_footer","meta":{"_joinchat":[],"footnotes":""},"class_list":["post-14","page","type-page","status-publish","hentry"],"_links":{"self":[{"href":"https:\/\/odontodulce.com.br\/index.php\/wp-json\/wp\/v2\/pages\/14","targetHints":{"allow":["GET"]}}],"collection":[{"href":"https:\/\/odontodulce.com.br\/index.php\/wp-json\/wp\/v2\/pages"}],"about":[{"href":"https:\/\/odontodulce.com.br\/index.php\/wp-json\/wp\/v2\/types\/page"}],"author":[{"embeddable":true,"href":"https:\/\/odontodulce.com.br\/index.php\/wp-json\/wp\/v2\/users\/1"}],"replies":[{"embeddable":true,"href":"https:\/\/odontodulce.com.br\/index.php\/wp-json\/wp\/v2\/comments?post=14"}],"version-history":[{"count":4,"href":"https:\/\/odontodulce.com.br\/index.php\/wp-json\/wp\/v2\/pages\/14\/revisions"}],"predecessor-version":[{"id":421,"href":"https:\/\/odontodulce.com.br\/index.php\/wp-json\/wp\/v2\/pages\/14\/revisions\/421"}],"wp:attachment":[{"href":"https:\/\/odontodulce.com.br\/index.php\/wp-json\/wp\/v2\/media?parent=14"}],"curies":[{"name":"wp","href":"https:\/\/api.w.org\/{rel}","templated":true}]}}