{"id":33,"date":"2016-09-28T18:05:02","date_gmt":"2016-09-28T18:05:02","guid":{"rendered":"http:\/\/www.odontodulce.com.br\/?page_id=33"},"modified":"2022-08-29T18:10:42","modified_gmt":"2022-08-29T18:10:42","slug":"ortodontia","status":"publish","type":"page","link":"https:\/\/odontodulce.com.br\/index.php\/ortodontia\/","title":{"rendered":"Ortodontia"},"content":{"rendered":"\t\t<div data-elementor-type=\"wp-page\" data-elementor-id=\"33\" class=\"elementor elementor-33\">\n\t\t\t\t\t\t<section class=\"elementor-section elementor-top-section elementor-element elementor-element-7c47426 elementor-section-boxed elementor-section-height-default elementor-section-height-default\" data-id=\"7c47426\" data-element_type=\"section\" data-e-type=\"section\">\n\t\t\t\t\t\t<div class=\"elementor-container elementor-column-gap-default\">\n\t\t\t\t\t<div class=\"elementor-column elementor-col-100 elementor-top-column elementor-element elementor-element-245dfcc\" data-id=\"245dfcc\" data-element_type=\"column\" data-e-type=\"column\">\n\t\t\t<div class=\"elementor-widget-wrap elementor-element-populated\">\n\t\t\t\t\t\t<div class=\"elementor-element elementor-element-079a74b elementor-widget elementor-widget-elementskit-heading\" data-id=\"079a74b\" data-element_type=\"widget\" data-e-type=\"widget\" data-widget_type=\"elementskit-heading.default\">\n\t\t\t\t<div class=\"elementor-widget-container\">\n\t\t\t\t\t<div class=\"ekit-wid-con\" ><div class=\"ekit-heading elementskit-section-title-wraper text_center   ekit_heading_tablet-   ekit_heading_mobile-\"><h2 class=\"ekit-heading--title elementskit-section-title \">Ortodontia<\/h2><\/div><\/div>\t\t\t\t<\/div>\n\t\t\t\t<\/div>\n\t\t\t\t<div class=\"elementor-element elementor-element-35587af8 elementor-widget elementor-widget-text-editor\" data-id=\"35587af8\" data-element_type=\"widget\" data-e-type=\"widget\" data-widget_type=\"text-editor.default\">\n\t\t\t\t<div class=\"elementor-widget-container\">\n\t\t\t\t\t\t\t\t\t<p><img fetchpriority=\"high\" decoding=\"async\" class=\"size-full wp-image-101 aligncenter\" src=\"https:\/\/odontodulce.com.br\/wp-content\/uploads\/2016\/09\/Ortodontia.jpg\" alt=\"ortodontia\" width=\"628\" height=\"418\" srcset=\"https:\/\/odontodulce.com.br\/wp-content\/uploads\/2016\/09\/Ortodontia.jpg 628w, https:\/\/odontodulce.com.br\/wp-content\/uploads\/2016\/09\/Ortodontia-300x200.jpg 300w\" sizes=\"(max-width: 628px) 100vw, 628px\" \/><\/p>\t\t\t\t\t\t\t\t<\/div>\n\t\t\t\t<\/div>\n\t\t\t\t\t<\/div>\n\t\t<\/div>\n\t\t\t\t\t<\/div>\n\t\t<\/section>\n\t\t\t\t<section class=\"elementor-section elementor-top-section elementor-element elementor-element-ba96e14 elementor-section-boxed elementor-section-height-default elementor-section-height-default\" data-id=\"ba96e14\" data-element_type=\"section\" data-e-type=\"section\">\n\t\t\t\t\t\t<div class=\"elementor-container elementor-column-gap-default\">\n\t\t\t\t\t<div class=\"elementor-column elementor-col-100 elementor-top-column elementor-element elementor-element-47acd8e\" data-id=\"47acd8e\" data-element_type=\"column\" data-e-type=\"column\">\n\t\t\t<div class=\"elementor-widget-wrap elementor-element-populated\">\n\t\t\t\t\t\t<div class=\"elementor-element elementor-element-f628341 elementor-widget elementor-widget-text-editor\" data-id=\"f628341\" data-element_type=\"widget\" data-e-type=\"widget\" data-widget_type=\"text-editor.default\">\n\t\t\t\t<div class=\"elementor-widget-container\">\n\t\t\t\t\t\t\t\t\t<p>\u00c9 a especialidade da Odontologia relacionada ao estudo, preven\u00e7\u00e3o e tratamento dos problemas de crescimento, desenvolvimento e amadurecimento da face, dos arcos dent\u00e1rios e da oclus\u00e3o, ou seja, disfun\u00e7\u00f5es dento faciais.<\/p><p>A ortodontia pode ser dividida em ortodontia fixa (com braquetes e bandas coladas aos dentes) e remov\u00edvel (aparelhos remov\u00edveis). No adulto, quando as bases \u00f3sseas est\u00e3o muito discrepantes, indica-se a cirurgia ortogn\u00e1tica. Na crian\u00e7a em desenvolvimento estas discrep\u00e2ncias podem ser tratadas com aparelhos fixos e em alguns casos com aparelhos ortop\u00e9dicos.<\/p><p>A ortodontia sofre constantes mudan\u00e7as, principalmente relacionadas ao tipo de material utilizado no tratamento ortod\u00f4ntico. Al\u00e9m dos diversos tipos de aparelhos utilizados (fixo, remov\u00edveis, etc.), diversos materiais s\u00e3o empregados nas suas composi\u00e7\u00f5es, tornando obrigat\u00f3ria a constante atualiza\u00e7\u00e3o do profissional desta \u00e1rea.<\/p>\t\t\t\t\t\t\t\t<\/div>\n\t\t\t\t<\/div>\n\t\t\t\t\t<\/div>\n\t\t<\/div>\n\t\t\t\t\t<\/div>\n\t\t<\/section>\n\t\t\t\t<section class=\"elementor-section elementor-top-section elementor-element elementor-element-11de950 elementor-section-boxed elementor-section-height-default elementor-section-height-default\" data-id=\"11de950\" data-element_type=\"section\" data-e-type=\"section\" data-settings=\"{&quot;background_background&quot;:&quot;classic&quot;}\">\n\t\t\t\t\t\t<div class=\"elementor-container elementor-column-gap-default\">\n\t\t\t\t\t<div class=\"elementor-column elementor-col-100 elementor-top-column elementor-element elementor-element-602f762\" data-id=\"602f762\" data-element_type=\"column\" data-e-type=\"column\">\n\t\t\t<div class=\"elementor-widget-wrap elementor-element-populated\">\n\t\t\t\t\t\t<section class=\"elementor-section elementor-inner-section elementor-element elementor-element-86e537e elementor-section-boxed elementor-section-height-default elementor-section-height-default\" data-id=\"86e537e\" data-element_type=\"section\" data-e-type=\"section\">\n\t\t\t\t\t\t<div class=\"elementor-container elementor-column-gap-default\">\n\t\t\t\t\t<div class=\"elementor-column elementor-col-100 elementor-inner-column elementor-element elementor-element-d2a2606\" data-id=\"d2a2606\" data-element_type=\"column\" data-e-type=\"column\">\n\t\t\t<div class=\"elementor-widget-wrap elementor-element-populated\">\n\t\t\t\t\t\t<div class=\"elementor-element elementor-element-c15ceb2 elementor-widget elementor-widget-elementskit-heading\" data-id=\"c15ceb2\" data-element_type=\"widget\" data-e-type=\"widget\" data-widget_type=\"elementskit-heading.default\">\n\t\t\t\t<div class=\"elementor-widget-container\">\n\t\t\t\t\t<div class=\"ekit-wid-con\" ><div class=\"ekit-heading elementskit-section-title-wraper text_center   ekit_heading_tablet-   ekit_heading_mobile-\"><h4 class=\"elementskit-section-subtitle  \">\n\t\t\t\t\t\tFALE CONOSCO\n\t\t\t\t\t<\/h4><h2 class=\"ekit-heading--title elementskit-section-title \">Envie suas du\u0301vidas e comenta\u0301rios<\/h2>\t\t\t\t<div class='ekit-heading__description'>\n\t\t\t\t\t<p>Preencha o formula\u0301rio abaixo e entraremos em contato o mais breve poss\u00edvel.<\/p>\n\t\t\t\t<\/div>\n\t\t\t<\/div><\/div>\t\t\t\t<\/div>\n\t\t\t\t<\/div>\n\t\t\t\t\t<\/div>\n\t\t<\/div>\n\t\t\t\t\t<\/div>\n\t\t<\/section>\n\t\t\t\t<section class=\"elementor-section elementor-inner-section elementor-element elementor-element-7393f8c elementor-section-boxed elementor-section-height-default elementor-section-height-default\" data-id=\"7393f8c\" data-element_type=\"section\" data-e-type=\"section\">\n\t\t\t\t\t\t<div class=\"elementor-container elementor-column-gap-default\">\n\t\t\t\t\t<div class=\"elementor-column elementor-col-33 elementor-inner-column elementor-element elementor-element-38e0bd1\" data-id=\"38e0bd1\" data-element_type=\"column\" data-e-type=\"column\">\n\t\t\t<div class=\"elementor-widget-wrap\">\n\t\t\t\t\t\t\t<\/div>\n\t\t<\/div>\n\t\t\t\t<div class=\"elementor-column elementor-col-33 elementor-inner-column elementor-element elementor-element-2e7ce2c\" data-id=\"2e7ce2c\" data-element_type=\"column\" data-e-type=\"column\">\n\t\t\t<div class=\"elementor-widget-wrap elementor-element-populated\">\n\t\t\t\t\t\t<div class=\"elementor-element elementor-element-9f045b1 elementor-widget elementor-widget-elementskit-contact-form7\" data-id=\"9f045b1\" data-element_type=\"widget\" data-e-type=\"widget\" data-widget_type=\"elementskit-contact-form7.default\">\n\t\t\t\t<div class=\"elementor-widget-container\">\n\t\t\t\t\t<div class=\"ekit-wid-con\" ><div class=\"ekit-form\">\n<div class=\"wpcf7 no-js\" id=\"wpcf7-f69-p33-o1\" lang=\"pt-BR\" dir=\"ltr\" data-wpcf7-id=\"69\">\n<div class=\"screen-reader-response\"><p role=\"status\" aria-live=\"polite\" aria-atomic=\"true\"><\/p> <ul><\/ul><\/div>\n<form action=\"\/index.php\/ortodontia\/#wpcf7-f69-p33-o1\" method=\"post\" class=\"wpcf7-form init\" aria-label=\"Formul\u00e1rios de contato\" novalidate=\"novalidate\" data-status=\"init\">\n<fieldset class=\"hidden-fields-container\"><input type=\"hidden\" name=\"_wpcf7\" value=\"69\" \/><input type=\"hidden\" name=\"_wpcf7_version\" value=\"6.1.5\" \/><input type=\"hidden\" name=\"_wpcf7_locale\" value=\"pt_BR\" \/><input type=\"hidden\" name=\"_wpcf7_unit_tag\" value=\"wpcf7-f69-p33-o1\" \/><input type=\"hidden\" name=\"_wpcf7_container_post\" value=\"33\" \/><input type=\"hidden\" name=\"_wpcf7_posted_data_hash\" value=\"\" \/>\n<\/fieldset>\n<p><label> Nome:<br \/>\n<span class=\"wpcf7-form-control-wrap\" data-name=\"your-name\"><input size=\"40\" maxlength=\"400\" class=\"wpcf7-form-control wpcf7-text wpcf7-validates-as-required\" aria-required=\"true\" aria-invalid=\"false\" value=\"\" type=\"text\" name=\"your-name\" \/><\/span> <\/label>\n<\/p>\n<p><label> E-mail:<br \/>\n<span class=\"wpcf7-form-control-wrap\" data-name=\"your-email\"><input size=\"40\" maxlength=\"400\" class=\"wpcf7-form-control wpcf7-email wpcf7-validates-as-required wpcf7-text wpcf7-validates-as-email\" aria-required=\"true\" aria-invalid=\"false\" value=\"\" type=\"email\" name=\"your-email\" \/><\/span> <\/label>\n<\/p>\n<p><label> WhatsApp:<br \/>\n<span class=\"wpcf7-form-control-wrap\" data-name=\"tel-335\"><input size=\"40\" maxlength=\"400\" class=\"wpcf7-form-control wpcf7-tel wpcf7-validates-as-required wpcf7-text wpcf7-validates-as-tel\" aria-required=\"true\" aria-invalid=\"false\" value=\"\" type=\"tel\" name=\"tel-335\" \/><\/span> <\/label>\n<\/p>\n<p><label> Mensagem:<br \/>\n<span class=\"wpcf7-form-control-wrap\" data-name=\"your-message\"><textarea cols=\"40\" rows=\"10\" maxlength=\"2000\" class=\"wpcf7-form-control wpcf7-textarea\" aria-invalid=\"false\" name=\"your-message\"><\/textarea><\/span> <\/label>\n<\/p>\n<p><input class=\"wpcf7-form-control wpcf7-submit has-spinner\" type=\"submit\" value=\"Enviar\" \/>\n<\/p><div class=\"wpcf7-response-output\" aria-hidden=\"true\"><\/div>\n<\/form>\n<\/div>\n<\/div><\/div>\t\t\t\t<\/div>\n\t\t\t\t<\/div>\n\t\t\t\t\t<\/div>\n\t\t<\/div>\n\t\t\t\t<div class=\"elementor-column elementor-col-33 elementor-inner-column elementor-element elementor-element-623af7a\" data-id=\"623af7a\" data-element_type=\"column\" data-e-type=\"column\">\n\t\t\t<div class=\"elementor-widget-wrap\">\n\t\t\t\t\t\t\t<\/div>\n\t\t<\/div>\n\t\t\t\t\t<\/div>\n\t\t<\/section>\n\t\t\t\t\t<\/div>\n\t\t<\/div>\n\t\t\t\t\t<\/div>\n\t\t<\/section>\n\t\t\t\t<\/div>\n\t\t","protected":false},"excerpt":{"rendered":"<p>Ortodontia \u00c9 a especialidade da Odontologia relacionada ao estudo, preven\u00e7\u00e3o e tratamento dos problemas de crescimento, desenvolvimento e amadurecimento da face, dos arcos dent\u00e1rios e da oclus\u00e3o, ou seja, disfun\u00e7\u00f5es dento faciais. A ortodontia pode ser dividida em ortodontia fixa (com braquetes e bandas coladas aos dentes) e remov\u00edvel (aparelhos remov\u00edveis). No adulto, quando as [&hellip;]<\/p>\n","protected":false},"author":1,"featured_media":0,"parent":0,"menu_order":0,"comment_status":"closed","ping_status":"closed","template":"elementor_header_footer","meta":{"_joinchat":[],"footnotes":""},"class_list":["post-33","page","type-page","status-publish","hentry"],"_links":{"self":[{"href":"https:\/\/odontodulce.com.br\/index.php\/wp-json\/wp\/v2\/pages\/33","targetHints":{"allow":["GET"]}}],"collection":[{"href":"https:\/\/odontodulce.com.br\/index.php\/wp-json\/wp\/v2\/pages"}],"about":[{"href":"https:\/\/odontodulce.com.br\/index.php\/wp-json\/wp\/v2\/types\/page"}],"author":[{"embeddable":true,"href":"https:\/\/odontodulce.com.br\/index.php\/wp-json\/wp\/v2\/users\/1"}],"replies":[{"embeddable":true,"href":"https:\/\/odontodulce.com.br\/index.php\/wp-json\/wp\/v2\/comments?post=33"}],"version-history":[{"count":4,"href":"https:\/\/odontodulce.com.br\/index.php\/wp-json\/wp\/v2\/pages\/33\/revisions"}],"predecessor-version":[{"id":415,"href":"https:\/\/odontodulce.com.br\/index.php\/wp-json\/wp\/v2\/pages\/33\/revisions\/415"}],"wp:attachment":[{"href":"https:\/\/odontodulce.com.br\/index.php\/wp-json\/wp\/v2\/media?parent=33"}],"curies":[{"name":"wp","href":"https:\/\/api.w.org\/{rel}","templated":true}]}}