{"id":35,"date":"2016-09-28T18:08:56","date_gmt":"2016-09-28T18:08:56","guid":{"rendered":"http:\/\/www.odontodulce.com.br\/?page_id=35"},"modified":"2022-08-29T18:09:27","modified_gmt":"2022-08-29T18:09:27","slug":"protese-dentaria","status":"publish","type":"page","link":"https:\/\/odontodulce.com.br\/index.php\/protese-dentaria\/","title":{"rendered":"Pr\u00f3tese dent\u00e1ria"},"content":{"rendered":"\t\t<div data-elementor-type=\"wp-page\" data-elementor-id=\"35\" class=\"elementor elementor-35\">\n\t\t\t\t\t\t<section class=\"elementor-section elementor-top-section elementor-element elementor-element-b4c8d73 elementor-section-boxed elementor-section-height-default elementor-section-height-default\" data-id=\"b4c8d73\" data-element_type=\"section\" data-e-type=\"section\">\n\t\t\t\t\t\t<div class=\"elementor-container elementor-column-gap-default\">\n\t\t\t\t\t<div class=\"elementor-column elementor-col-100 elementor-top-column elementor-element elementor-element-60545ba\" data-id=\"60545ba\" data-element_type=\"column\" data-e-type=\"column\">\n\t\t\t<div class=\"elementor-widget-wrap\">\n\t\t\t\t\t\t\t<\/div>\n\t\t<\/div>\n\t\t\t\t\t<\/div>\n\t\t<\/section>\n\t\t\t\t<section class=\"elementor-section elementor-top-section elementor-element elementor-element-5cec2aa elementor-section-boxed elementor-section-height-default elementor-section-height-default\" data-id=\"5cec2aa\" data-element_type=\"section\" data-e-type=\"section\">\n\t\t\t\t\t\t<div class=\"elementor-container elementor-column-gap-default\">\n\t\t\t\t\t<div class=\"elementor-column elementor-col-100 elementor-top-column elementor-element elementor-element-ae6c19c\" data-id=\"ae6c19c\" data-element_type=\"column\" data-e-type=\"column\">\n\t\t\t<div class=\"elementor-widget-wrap elementor-element-populated\">\n\t\t\t\t\t\t<div class=\"elementor-element elementor-element-1684f1c elementor-widget elementor-widget-elementskit-heading\" data-id=\"1684f1c\" data-element_type=\"widget\" data-e-type=\"widget\" data-widget_type=\"elementskit-heading.default\">\n\t\t\t\t<div class=\"elementor-widget-container\">\n\t\t\t\t\t<div class=\"ekit-wid-con\" ><div class=\"ekit-heading elementskit-section-title-wraper text_center   ekit_heading_tablet-   ekit_heading_mobile-\"><h2 class=\"ekit-heading--title elementskit-section-title \">Pr\u00f3tese dent\u00e1ria<\/h2><\/div><\/div>\t\t\t\t<\/div>\n\t\t\t\t<\/div>\n\t\t\t\t<div class=\"elementor-element elementor-element-5464e588 elementor-widget elementor-widget-text-editor\" data-id=\"5464e588\" data-element_type=\"widget\" data-e-type=\"widget\" data-widget_type=\"text-editor.default\">\n\t\t\t\t<div class=\"elementor-widget-container\">\n\t\t\t\t\t\t\t\t\t<p><img fetchpriority=\"high\" decoding=\"async\" class=\"size-full wp-image-105 aligncenter\" src=\"https:\/\/odontodulce.com.br\/wp-content\/uploads\/2016\/09\/Protese-dentaria.jpg\" alt=\"protese-dentaria\" width=\"628\" height=\"418\" srcset=\"https:\/\/odontodulce.com.br\/wp-content\/uploads\/2016\/09\/Protese-dentaria.jpg 628w, https:\/\/odontodulce.com.br\/wp-content\/uploads\/2016\/09\/Protese-dentaria-300x200.jpg 300w\" sizes=\"(max-width: 628px) 100vw, 628px\" \/><\/p>\t\t\t\t\t\t\t\t<\/div>\n\t\t\t\t<\/div>\n\t\t\t\t\t<\/div>\n\t\t<\/div>\n\t\t\t\t\t<\/div>\n\t\t<\/section>\n\t\t\t\t<section class=\"elementor-section elementor-top-section elementor-element elementor-element-1ec4a31 elementor-section-boxed elementor-section-height-default elementor-section-height-default\" data-id=\"1ec4a31\" data-element_type=\"section\" data-e-type=\"section\">\n\t\t\t\t\t\t<div class=\"elementor-container elementor-column-gap-default\">\n\t\t\t\t\t<div class=\"elementor-column elementor-col-100 elementor-top-column elementor-element elementor-element-c2aa0fd\" data-id=\"c2aa0fd\" data-element_type=\"column\" data-e-type=\"column\">\n\t\t\t<div class=\"elementor-widget-wrap elementor-element-populated\">\n\t\t\t\t\t\t<div class=\"elementor-element elementor-element-5254d51 elementor-widget elementor-widget-text-editor\" data-id=\"5254d51\" data-element_type=\"widget\" data-e-type=\"widget\" data-widget_type=\"text-editor.default\">\n\t\t\t\t<div class=\"elementor-widget-container\">\n\t\t\t\t\t\t\t\t\t<p>A pr\u00f3tese dent\u00e1ria (ou pr\u00f3tese dental) \u00e9 a arte dental, ci\u00eancia que lida com a reposi\u00e7\u00e3o de tecidos bucais e dentes perdidos, visando restaurar e manter a forma, fun\u00e7\u00e3o, apar\u00eancia e sa\u00fade bucal. Aplicados \u00e0 odontologia, o termo \u201cpr\u00f3tese dent\u00e1ria\u201d tamb\u00e9m \u00e9 utilizado para se referir ao artefato que se prop\u00f5e a substituir a fun\u00e7\u00e3o original dos dentes perdidos ou ausentes.<\/p><p>O seu principal objectivo \u00e9 a reabilita\u00e7\u00e3o bucal, em todas as suas fun\u00e7\u00f5es: est\u00e9tica, fon\u00e9tica e mastiga\u00e7\u00e3o. Rep\u00f5e ou restaura de forma indireta (por meio laboratorial) os (dentes), por meio de confec\u00e7\u00e3o de pr\u00f3teses fixas (coroas em metal, porcelana e materiais polim\u00e9ricos e pontes) ou pr\u00f3teses remov\u00edveis como pr\u00f3tese total (a popular dentadura) ou pr\u00f3tese parcial remov\u00edvel (ponte m\u00f3vel). Recentemente encontramos pr\u00f3teses modernas produzidas sobre implantes como overdentures, pr\u00f3teses fixas livres de metal (metalfree) e pr\u00f3teses protocolo.<\/p><p><strong>Pr\u00f3tese dent\u00e1ria fixa<\/strong><\/p><p>Por excel\u00eancias as pr\u00f3teses dent\u00e1rias fixas s\u00e3o as coroas e as pontes:<\/p><p><strong>Pr\u00f3tese dent\u00e1ria removiv\u00e9l<\/strong><\/p><p>Podem ser confeccionadas de v\u00e1rias formas e por serem remov\u00edveis t\u00eam a vantagem de poderem ser retiradas para higieniza\u00e7\u00e3o. Podem ser retidas por grampos, encaixes ou telesc\u00f3pica.<\/p><p><strong>Pr\u00f3tese maxilofacial<\/strong><\/p><p>S\u00e3o pr\u00f3teses utilizadas para reabilita\u00e7\u00e3o de pacientes que foram submetidos a mutila\u00e7\u00f5es devido a grandes cirurgias como c\u00e2ncer, acidentes entre outras.<\/p>\t\t\t\t\t\t\t\t<\/div>\n\t\t\t\t<\/div>\n\t\t\t\t\t<\/div>\n\t\t<\/div>\n\t\t\t\t\t<\/div>\n\t\t<\/section>\n\t\t\t\t<section class=\"elementor-section elementor-top-section elementor-element elementor-element-405581a elementor-section-boxed elementor-section-height-default elementor-section-height-default\" data-id=\"405581a\" data-element_type=\"section\" data-e-type=\"section\" data-settings=\"{&quot;background_background&quot;:&quot;classic&quot;}\">\n\t\t\t\t\t\t<div class=\"elementor-container elementor-column-gap-default\">\n\t\t\t\t\t<div class=\"elementor-column elementor-col-100 elementor-top-column elementor-element elementor-element-e60558c\" data-id=\"e60558c\" data-element_type=\"column\" data-e-type=\"column\">\n\t\t\t<div class=\"elementor-widget-wrap elementor-element-populated\">\n\t\t\t\t\t\t<section class=\"elementor-section elementor-inner-section elementor-element elementor-element-452a7bc elementor-section-boxed elementor-section-height-default elementor-section-height-default\" data-id=\"452a7bc\" data-element_type=\"section\" data-e-type=\"section\">\n\t\t\t\t\t\t<div class=\"elementor-container elementor-column-gap-default\">\n\t\t\t\t\t<div class=\"elementor-column elementor-col-100 elementor-inner-column elementor-element elementor-element-ebeee49\" data-id=\"ebeee49\" data-element_type=\"column\" data-e-type=\"column\">\n\t\t\t<div class=\"elementor-widget-wrap elementor-element-populated\">\n\t\t\t\t\t\t<div class=\"elementor-element elementor-element-cb8570c elementor-widget elementor-widget-elementskit-heading\" data-id=\"cb8570c\" data-element_type=\"widget\" data-e-type=\"widget\" data-widget_type=\"elementskit-heading.default\">\n\t\t\t\t<div class=\"elementor-widget-container\">\n\t\t\t\t\t<div class=\"ekit-wid-con\" ><div class=\"ekit-heading elementskit-section-title-wraper text_center   ekit_heading_tablet-   ekit_heading_mobile-\"><h4 class=\"elementskit-section-subtitle  \">\n\t\t\t\t\t\tFALE CONOSCO\n\t\t\t\t\t<\/h4><h2 class=\"ekit-heading--title elementskit-section-title \">Envie suas du\u0301vidas e comenta\u0301rios<\/h2>\t\t\t\t<div class='ekit-heading__description'>\n\t\t\t\t\t<p>Preencha o formula\u0301rio abaixo e entraremos em contato o mais breve poss\u00edvel.<\/p>\n\t\t\t\t<\/div>\n\t\t\t<\/div><\/div>\t\t\t\t<\/div>\n\t\t\t\t<\/div>\n\t\t\t\t\t<\/div>\n\t\t<\/div>\n\t\t\t\t\t<\/div>\n\t\t<\/section>\n\t\t\t\t<section class=\"elementor-section elementor-inner-section elementor-element elementor-element-ed48939 elementor-section-boxed elementor-section-height-default elementor-section-height-default\" data-id=\"ed48939\" data-element_type=\"section\" data-e-type=\"section\">\n\t\t\t\t\t\t<div class=\"elementor-container elementor-column-gap-default\">\n\t\t\t\t\t<div class=\"elementor-column elementor-col-33 elementor-inner-column elementor-element elementor-element-35b60e2\" data-id=\"35b60e2\" data-element_type=\"column\" data-e-type=\"column\">\n\t\t\t<div class=\"elementor-widget-wrap\">\n\t\t\t\t\t\t\t<\/div>\n\t\t<\/div>\n\t\t\t\t<div class=\"elementor-column elementor-col-33 elementor-inner-column elementor-element elementor-element-ffabea4\" data-id=\"ffabea4\" data-element_type=\"column\" data-e-type=\"column\">\n\t\t\t<div class=\"elementor-widget-wrap elementor-element-populated\">\n\t\t\t\t\t\t<div class=\"elementor-element elementor-element-39744fe elementor-widget elementor-widget-elementskit-contact-form7\" data-id=\"39744fe\" data-element_type=\"widget\" data-e-type=\"widget\" data-widget_type=\"elementskit-contact-form7.default\">\n\t\t\t\t<div class=\"elementor-widget-container\">\n\t\t\t\t\t<div class=\"ekit-wid-con\" ><div class=\"ekit-form\">\n<div class=\"wpcf7 no-js\" id=\"wpcf7-f69-p35-o1\" lang=\"pt-BR\" dir=\"ltr\" data-wpcf7-id=\"69\">\n<div class=\"screen-reader-response\"><p role=\"status\" aria-live=\"polite\" aria-atomic=\"true\"><\/p> <ul><\/ul><\/div>\n<form action=\"\/index.php\/protese-dentaria\/#wpcf7-f69-p35-o1\" method=\"post\" class=\"wpcf7-form init\" aria-label=\"Formul\u00e1rios de contato\" novalidate=\"novalidate\" data-status=\"init\">\n<fieldset class=\"hidden-fields-container\"><input type=\"hidden\" name=\"_wpcf7\" value=\"69\" \/><input type=\"hidden\" name=\"_wpcf7_version\" value=\"6.1.5\" \/><input type=\"hidden\" name=\"_wpcf7_locale\" value=\"pt_BR\" \/><input type=\"hidden\" name=\"_wpcf7_unit_tag\" value=\"wpcf7-f69-p35-o1\" \/><input type=\"hidden\" name=\"_wpcf7_container_post\" value=\"35\" \/><input type=\"hidden\" name=\"_wpcf7_posted_data_hash\" value=\"\" \/>\n<\/fieldset>\n<p><label> Nome:<br \/>\n<span class=\"wpcf7-form-control-wrap\" data-name=\"your-name\"><input size=\"40\" maxlength=\"400\" class=\"wpcf7-form-control wpcf7-text wpcf7-validates-as-required\" aria-required=\"true\" aria-invalid=\"false\" value=\"\" type=\"text\" name=\"your-name\" \/><\/span> <\/label>\n<\/p>\n<p><label> E-mail:<br \/>\n<span class=\"wpcf7-form-control-wrap\" data-name=\"your-email\"><input size=\"40\" maxlength=\"400\" class=\"wpcf7-form-control wpcf7-email wpcf7-validates-as-required wpcf7-text wpcf7-validates-as-email\" aria-required=\"true\" aria-invalid=\"false\" value=\"\" type=\"email\" name=\"your-email\" \/><\/span> <\/label>\n<\/p>\n<p><label> WhatsApp:<br \/>\n<span class=\"wpcf7-form-control-wrap\" data-name=\"tel-335\"><input size=\"40\" maxlength=\"400\" class=\"wpcf7-form-control wpcf7-tel wpcf7-validates-as-required wpcf7-text wpcf7-validates-as-tel\" aria-required=\"true\" aria-invalid=\"false\" value=\"\" type=\"tel\" name=\"tel-335\" \/><\/span> <\/label>\n<\/p>\n<p><label> Mensagem:<br \/>\n<span class=\"wpcf7-form-control-wrap\" data-name=\"your-message\"><textarea cols=\"40\" rows=\"10\" maxlength=\"2000\" class=\"wpcf7-form-control wpcf7-textarea\" aria-invalid=\"false\" name=\"your-message\"><\/textarea><\/span> <\/label>\n<\/p>\n<p><input class=\"wpcf7-form-control wpcf7-submit has-spinner\" type=\"submit\" value=\"Enviar\" \/>\n<\/p><div class=\"wpcf7-response-output\" aria-hidden=\"true\"><\/div>\n<\/form>\n<\/div>\n<\/div><\/div>\t\t\t\t<\/div>\n\t\t\t\t<\/div>\n\t\t\t\t\t<\/div>\n\t\t<\/div>\n\t\t\t\t<div class=\"elementor-column elementor-col-33 elementor-inner-column elementor-element elementor-element-fb7fe87\" data-id=\"fb7fe87\" data-element_type=\"column\" data-e-type=\"column\">\n\t\t\t<div class=\"elementor-widget-wrap\">\n\t\t\t\t\t\t\t<\/div>\n\t\t<\/div>\n\t\t\t\t\t<\/div>\n\t\t<\/section>\n\t\t\t\t\t<\/div>\n\t\t<\/div>\n\t\t\t\t\t<\/div>\n\t\t<\/section>\n\t\t\t\t<\/div>\n\t\t","protected":false},"excerpt":{"rendered":"<p>Pr\u00f3tese dent\u00e1ria A pr\u00f3tese dent\u00e1ria (ou pr\u00f3tese dental) \u00e9 a arte dental, ci\u00eancia que lida com a reposi\u00e7\u00e3o de tecidos bucais e dentes perdidos, visando restaurar e manter a forma, fun\u00e7\u00e3o, apar\u00eancia e sa\u00fade bucal. Aplicados \u00e0 odontologia, o termo \u201cpr\u00f3tese dent\u00e1ria\u201d tamb\u00e9m \u00e9 utilizado para se referir ao artefato que se prop\u00f5e a substituir [&hellip;]<\/p>\n","protected":false},"author":1,"featured_media":0,"parent":0,"menu_order":0,"comment_status":"closed","ping_status":"closed","template":"elementor_header_footer","meta":{"_joinchat":[],"footnotes":""},"class_list":["post-35","page","type-page","status-publish","hentry"],"_links":{"self":[{"href":"https:\/\/odontodulce.com.br\/index.php\/wp-json\/wp\/v2\/pages\/35","targetHints":{"allow":["GET"]}}],"collection":[{"href":"https:\/\/odontodulce.com.br\/index.php\/wp-json\/wp\/v2\/pages"}],"about":[{"href":"https:\/\/odontodulce.com.br\/index.php\/wp-json\/wp\/v2\/types\/page"}],"author":[{"embeddable":true,"href":"https:\/\/odontodulce.com.br\/index.php\/wp-json\/wp\/v2\/users\/1"}],"replies":[{"embeddable":true,"href":"https:\/\/odontodulce.com.br\/index.php\/wp-json\/wp\/v2\/comments?post=35"}],"version-history":[{"count":4,"href":"https:\/\/odontodulce.com.br\/index.php\/wp-json\/wp\/v2\/pages\/35\/revisions"}],"predecessor-version":[{"id":408,"href":"https:\/\/odontodulce.com.br\/index.php\/wp-json\/wp\/v2\/pages\/35\/revisions\/408"}],"wp:attachment":[{"href":"https:\/\/odontodulce.com.br\/index.php\/wp-json\/wp\/v2\/media?parent=35"}],"curies":[{"name":"wp","href":"https:\/\/api.w.org\/{rel}","templated":true}]}}