{"id":37,"date":"2016-09-28T18:12:36","date_gmt":"2016-09-28T18:12:36","guid":{"rendered":"http:\/\/www.odontodulce.com.br\/?page_id=37"},"modified":"2022-08-29T18:08:45","modified_gmt":"2022-08-29T18:08:45","slug":"periodontia","status":"publish","type":"page","link":"https:\/\/odontodulce.com.br\/index.php\/periodontia\/","title":{"rendered":"Periodontia"},"content":{"rendered":"\t\t<div data-elementor-type=\"wp-page\" data-elementor-id=\"37\" class=\"elementor elementor-37\">\n\t\t\t\t\t\t<section class=\"elementor-section elementor-top-section elementor-element elementor-element-4b3021bb elementor-section-boxed elementor-section-height-default elementor-section-height-default\" data-id=\"4b3021bb\" data-element_type=\"section\" data-e-type=\"section\">\n\t\t\t\t\t\t<div class=\"elementor-container elementor-column-gap-default\">\n\t\t\t\t\t<div class=\"elementor-column elementor-col-100 elementor-top-column elementor-element elementor-element-10dde467\" data-id=\"10dde467\" data-element_type=\"column\" data-e-type=\"column\">\n\t\t\t<div class=\"elementor-widget-wrap\">\n\t\t\t\t\t\t\t<\/div>\n\t\t<\/div>\n\t\t\t\t\t<\/div>\n\t\t<\/section>\n\t\t\t\t<section class=\"elementor-section elementor-top-section elementor-element elementor-element-dccc6cc elementor-section-boxed elementor-section-height-default elementor-section-height-default\" data-id=\"dccc6cc\" data-element_type=\"section\" data-e-type=\"section\">\n\t\t\t\t\t\t<div class=\"elementor-container elementor-column-gap-default\">\n\t\t\t\t\t<div class=\"elementor-column elementor-col-100 elementor-top-column elementor-element elementor-element-9e6c752\" data-id=\"9e6c752\" data-element_type=\"column\" data-e-type=\"column\">\n\t\t\t<div class=\"elementor-widget-wrap elementor-element-populated\">\n\t\t\t\t\t\t<div class=\"elementor-element elementor-element-622a224 elementor-widget elementor-widget-elementskit-heading\" data-id=\"622a224\" data-element_type=\"widget\" data-e-type=\"widget\" data-widget_type=\"elementskit-heading.default\">\n\t\t\t\t<div class=\"elementor-widget-container\">\n\t\t\t\t\t<div class=\"ekit-wid-con\" ><div class=\"ekit-heading elementskit-section-title-wraper text_center   ekit_heading_tablet-   ekit_heading_mobile-\"><h2 class=\"ekit-heading--title elementskit-section-title \">Periodontia<\/h2><\/div><\/div>\t\t\t\t<\/div>\n\t\t\t\t<\/div>\n\t\t\t\t<div class=\"elementor-element elementor-element-485e0985 elementor-widget elementor-widget-text-editor\" data-id=\"485e0985\" data-element_type=\"widget\" data-e-type=\"widget\" data-widget_type=\"text-editor.default\">\n\t\t\t\t<div class=\"elementor-widget-container\">\n\t\t\t\t\t\t\t\t\t<p><img fetchpriority=\"high\" decoding=\"async\" class=\"size-full wp-image-103 aligncenter\" src=\"https:\/\/odontodulce.com.br\/wp-content\/uploads\/2016\/09\/Periodontia.jpg\" alt=\"periodontia\" width=\"628\" height=\"418\" srcset=\"https:\/\/odontodulce.com.br\/wp-content\/uploads\/2016\/09\/Periodontia.jpg 628w, https:\/\/odontodulce.com.br\/wp-content\/uploads\/2016\/09\/Periodontia-300x200.jpg 300w\" sizes=\"(max-width: 628px) 100vw, 628px\" \/><\/p>\t\t\t\t\t\t\t\t<\/div>\n\t\t\t\t<\/div>\n\t\t\t\t\t<\/div>\n\t\t<\/div>\n\t\t\t\t\t<\/div>\n\t\t<\/section>\n\t\t\t\t<section class=\"elementor-section elementor-top-section elementor-element elementor-element-4a421a6 elementor-section-boxed elementor-section-height-default elementor-section-height-default\" data-id=\"4a421a6\" data-element_type=\"section\" data-e-type=\"section\">\n\t\t\t\t\t\t<div class=\"elementor-container elementor-column-gap-default\">\n\t\t\t\t\t<div class=\"elementor-column elementor-col-100 elementor-top-column elementor-element elementor-element-15d358b\" data-id=\"15d358b\" data-element_type=\"column\" data-e-type=\"column\">\n\t\t\t<div class=\"elementor-widget-wrap elementor-element-populated\">\n\t\t\t\t\t\t<div class=\"elementor-element elementor-element-d3cefd1 elementor-widget elementor-widget-text-editor\" data-id=\"d3cefd1\" data-element_type=\"widget\" data-e-type=\"widget\" data-widget_type=\"text-editor.default\">\n\t\t\t\t<div class=\"elementor-widget-container\">\n\t\t\t\t\t\t\t\t\t<p>\u00c9 a ci\u00eancia que estuda e trata as doen\u00e7as do sistema de implanta\u00e7\u00e3o e suporte dos dentes. \u00c9 formado por osso alveolar, ligamento periodontal e cemento. As altera\u00e7\u00f5es patol\u00f3gicas do periodonto s\u00e3o chamadas doen\u00e7as periodontais, como, placa bacteriana, gengivite, periodontite.<\/p><p>A fun\u00e7\u00e3o do periodonto \u00e9 a inser\u00e7\u00e3o do dente ao tecido \u00f3sseo dos maxilares e conservar a superf\u00edcie da mucosa mastigat\u00f3ria da cavidade bucal. O periodonto tamb\u00e9m \u00e9 chamado de aparato de inser\u00e7\u00e3o ou de tecido suporte do dente e estabelece uma unidade funcional biol\u00f3gica e evolutiva que sofre modifica\u00e7\u00f5es com a idade e com rela\u00e7\u00e3o \u00e0s modifica\u00e7\u00f5es do meio bucal.<\/p><p>Os sintomas da doen\u00e7a periodontal podem ser: \u2013 Mau h\u00e1lito, \u2013 Gengiva vermelha ou inchada, \u2013 Gengiva sens\u00edvel ou com sangramento, \u2013 Mastiga\u00e7\u00e3o dolorosa, \u2013 Perda dent\u00e1ria, \u2013 Dentes sens\u00edveis, \u2013 Gengivas reduzidas, O aparecimento de qualquer um desses sintomas pode ser sinal de problema s\u00e9rio que deve ser avaliado por um dentista.<\/p><p>O tratamento tem como principal objetivo controlar a infec\u00e7\u00e3o. As quantidades e tipos de tratamentos variam dependendo do quanto a doen\u00e7a avan\u00e7ou. Qualquer tipo de tratamento requer que o paciente mantenha boa higiene di\u00e1ria em casa. O dentista tamb\u00e9m pode sugerir mudar certos comportamentos, como abandonar o h\u00e1bito de fumar, como forma de melhorar os resultados do tratamento. Os tratamentos para doen\u00e7a periodontal podem incluir limpeza profissional, medicamentos, cirurgia e enxerto de tecidos.<\/p>\t\t\t\t\t\t\t\t<\/div>\n\t\t\t\t<\/div>\n\t\t\t\t\t<\/div>\n\t\t<\/div>\n\t\t\t\t\t<\/div>\n\t\t<\/section>\n\t\t\t\t<section class=\"elementor-section elementor-top-section elementor-element elementor-element-b086d0c elementor-section-boxed elementor-section-height-default elementor-section-height-default\" data-id=\"b086d0c\" data-element_type=\"section\" data-e-type=\"section\" data-settings=\"{&quot;background_background&quot;:&quot;classic&quot;}\">\n\t\t\t\t\t\t<div class=\"elementor-container elementor-column-gap-default\">\n\t\t\t\t\t<div class=\"elementor-column elementor-col-100 elementor-top-column elementor-element elementor-element-2073672\" data-id=\"2073672\" data-element_type=\"column\" data-e-type=\"column\">\n\t\t\t<div class=\"elementor-widget-wrap elementor-element-populated\">\n\t\t\t\t\t\t<section class=\"elementor-section elementor-inner-section elementor-element elementor-element-459c1da elementor-section-boxed elementor-section-height-default elementor-section-height-default\" data-id=\"459c1da\" data-element_type=\"section\" data-e-type=\"section\">\n\t\t\t\t\t\t<div class=\"elementor-container elementor-column-gap-default\">\n\t\t\t\t\t<div class=\"elementor-column elementor-col-100 elementor-inner-column elementor-element elementor-element-2b6d229\" data-id=\"2b6d229\" data-element_type=\"column\" data-e-type=\"column\">\n\t\t\t<div class=\"elementor-widget-wrap elementor-element-populated\">\n\t\t\t\t\t\t<div class=\"elementor-element elementor-element-b53e75b elementor-widget elementor-widget-elementskit-heading\" data-id=\"b53e75b\" data-element_type=\"widget\" data-e-type=\"widget\" data-widget_type=\"elementskit-heading.default\">\n\t\t\t\t<div class=\"elementor-widget-container\">\n\t\t\t\t\t<div class=\"ekit-wid-con\" ><div class=\"ekit-heading elementskit-section-title-wraper text_center   ekit_heading_tablet-   ekit_heading_mobile-\"><h4 class=\"elementskit-section-subtitle  \">\n\t\t\t\t\t\tFALE CONOSCO\n\t\t\t\t\t<\/h4><h2 class=\"ekit-heading--title elementskit-section-title \">Envie suas du\u0301vidas e comenta\u0301rios<\/h2>\t\t\t\t<div class='ekit-heading__description'>\n\t\t\t\t\t<p>Preencha o formula\u0301rio abaixo e entraremos em contato o mais breve poss\u00edvel.<\/p>\n\t\t\t\t<\/div>\n\t\t\t<\/div><\/div>\t\t\t\t<\/div>\n\t\t\t\t<\/div>\n\t\t\t\t\t<\/div>\n\t\t<\/div>\n\t\t\t\t\t<\/div>\n\t\t<\/section>\n\t\t\t\t<section class=\"elementor-section elementor-inner-section elementor-element elementor-element-9e484a0 elementor-section-boxed elementor-section-height-default elementor-section-height-default\" data-id=\"9e484a0\" data-element_type=\"section\" data-e-type=\"section\">\n\t\t\t\t\t\t<div class=\"elementor-container elementor-column-gap-default\">\n\t\t\t\t\t<div class=\"elementor-column elementor-col-33 elementor-inner-column elementor-element elementor-element-1535067\" data-id=\"1535067\" data-element_type=\"column\" data-e-type=\"column\">\n\t\t\t<div class=\"elementor-widget-wrap\">\n\t\t\t\t\t\t\t<\/div>\n\t\t<\/div>\n\t\t\t\t<div class=\"elementor-column elementor-col-33 elementor-inner-column elementor-element elementor-element-dcc126a\" data-id=\"dcc126a\" data-element_type=\"column\" data-e-type=\"column\">\n\t\t\t<div class=\"elementor-widget-wrap elementor-element-populated\">\n\t\t\t\t\t\t<div class=\"elementor-element elementor-element-ee29e44 elementor-widget elementor-widget-elementskit-contact-form7\" data-id=\"ee29e44\" data-element_type=\"widget\" data-e-type=\"widget\" data-widget_type=\"elementskit-contact-form7.default\">\n\t\t\t\t<div class=\"elementor-widget-container\">\n\t\t\t\t\t<div class=\"ekit-wid-con\" ><div class=\"ekit-form\">\n<div class=\"wpcf7 no-js\" id=\"wpcf7-f69-p37-o1\" lang=\"pt-BR\" dir=\"ltr\" data-wpcf7-id=\"69\">\n<div class=\"screen-reader-response\"><p role=\"status\" aria-live=\"polite\" aria-atomic=\"true\"><\/p> <ul><\/ul><\/div>\n<form action=\"\/index.php\/periodontia\/#wpcf7-f69-p37-o1\" method=\"post\" class=\"wpcf7-form init\" aria-label=\"Formul\u00e1rios de contato\" novalidate=\"novalidate\" data-status=\"init\">\n<fieldset class=\"hidden-fields-container\"><input type=\"hidden\" name=\"_wpcf7\" value=\"69\" \/><input type=\"hidden\" name=\"_wpcf7_version\" value=\"6.1.5\" \/><input type=\"hidden\" name=\"_wpcf7_locale\" value=\"pt_BR\" \/><input type=\"hidden\" name=\"_wpcf7_unit_tag\" value=\"wpcf7-f69-p37-o1\" \/><input type=\"hidden\" name=\"_wpcf7_container_post\" value=\"37\" \/><input type=\"hidden\" name=\"_wpcf7_posted_data_hash\" value=\"\" \/>\n<\/fieldset>\n<p><label> Nome:<br \/>\n<span class=\"wpcf7-form-control-wrap\" data-name=\"your-name\"><input size=\"40\" maxlength=\"400\" class=\"wpcf7-form-control wpcf7-text wpcf7-validates-as-required\" aria-required=\"true\" aria-invalid=\"false\" value=\"\" type=\"text\" name=\"your-name\" \/><\/span> <\/label>\n<\/p>\n<p><label> E-mail:<br \/>\n<span class=\"wpcf7-form-control-wrap\" data-name=\"your-email\"><input size=\"40\" maxlength=\"400\" class=\"wpcf7-form-control wpcf7-email wpcf7-validates-as-required wpcf7-text wpcf7-validates-as-email\" aria-required=\"true\" aria-invalid=\"false\" value=\"\" type=\"email\" name=\"your-email\" \/><\/span> <\/label>\n<\/p>\n<p><label> WhatsApp:<br \/>\n<span class=\"wpcf7-form-control-wrap\" data-name=\"tel-335\"><input size=\"40\" maxlength=\"400\" class=\"wpcf7-form-control wpcf7-tel wpcf7-validates-as-required wpcf7-text wpcf7-validates-as-tel\" aria-required=\"true\" aria-invalid=\"false\" value=\"\" type=\"tel\" name=\"tel-335\" \/><\/span> <\/label>\n<\/p>\n<p><label> Mensagem:<br \/>\n<span class=\"wpcf7-form-control-wrap\" data-name=\"your-message\"><textarea cols=\"40\" rows=\"10\" maxlength=\"2000\" class=\"wpcf7-form-control wpcf7-textarea\" aria-invalid=\"false\" name=\"your-message\"><\/textarea><\/span> <\/label>\n<\/p>\n<p><input class=\"wpcf7-form-control wpcf7-submit has-spinner\" type=\"submit\" value=\"Enviar\" \/>\n<\/p><div class=\"wpcf7-response-output\" aria-hidden=\"true\"><\/div>\n<\/form>\n<\/div>\n<\/div><\/div>\t\t\t\t<\/div>\n\t\t\t\t<\/div>\n\t\t\t\t\t<\/div>\n\t\t<\/div>\n\t\t\t\t<div class=\"elementor-column elementor-col-33 elementor-inner-column elementor-element elementor-element-d9bc03d\" data-id=\"d9bc03d\" data-element_type=\"column\" data-e-type=\"column\">\n\t\t\t<div class=\"elementor-widget-wrap\">\n\t\t\t\t\t\t\t<\/div>\n\t\t<\/div>\n\t\t\t\t\t<\/div>\n\t\t<\/section>\n\t\t\t\t\t<\/div>\n\t\t<\/div>\n\t\t\t\t\t<\/div>\n\t\t<\/section>\n\t\t\t\t<\/div>\n\t\t","protected":false},"excerpt":{"rendered":"<p>Periodontia \u00c9 a ci\u00eancia que estuda e trata as doen\u00e7as do sistema de implanta\u00e7\u00e3o e suporte dos dentes. \u00c9 formado por osso alveolar, ligamento periodontal e cemento. As altera\u00e7\u00f5es patol\u00f3gicas do periodonto s\u00e3o chamadas doen\u00e7as periodontais, como, placa bacteriana, gengivite, periodontite. A fun\u00e7\u00e3o do periodonto \u00e9 a inser\u00e7\u00e3o do dente ao tecido \u00f3sseo dos maxilares [&hellip;]<\/p>\n","protected":false},"author":1,"featured_media":0,"parent":0,"menu_order":0,"comment_status":"closed","ping_status":"closed","template":"elementor_header_footer","meta":{"_joinchat":[],"footnotes":""},"class_list":["post-37","page","type-page","status-publish","hentry"],"_links":{"self":[{"href":"https:\/\/odontodulce.com.br\/index.php\/wp-json\/wp\/v2\/pages\/37","targetHints":{"allow":["GET"]}}],"collection":[{"href":"https:\/\/odontodulce.com.br\/index.php\/wp-json\/wp\/v2\/pages"}],"about":[{"href":"https:\/\/odontodulce.com.br\/index.php\/wp-json\/wp\/v2\/types\/page"}],"author":[{"embeddable":true,"href":"https:\/\/odontodulce.com.br\/index.php\/wp-json\/wp\/v2\/users\/1"}],"replies":[{"embeddable":true,"href":"https:\/\/odontodulce.com.br\/index.php\/wp-json\/wp\/v2\/comments?post=37"}],"version-history":[{"count":4,"href":"https:\/\/odontodulce.com.br\/index.php\/wp-json\/wp\/v2\/pages\/37\/revisions"}],"predecessor-version":[{"id":405,"href":"https:\/\/odontodulce.com.br\/index.php\/wp-json\/wp\/v2\/pages\/37\/revisions\/405"}],"wp:attachment":[{"href":"https:\/\/odontodulce.com.br\/index.php\/wp-json\/wp\/v2\/media?parent=37"}],"curies":[{"name":"wp","href":"https:\/\/api.w.org\/{rel}","templated":true}]}}