{"id":39,"date":"2016-09-28T18:16:54","date_gmt":"2016-09-28T18:16:54","guid":{"rendered":"http:\/\/www.odontodulce.com.br\/?page_id=39"},"modified":"2016-09-28T18:16:54","modified_gmt":"2016-09-28T18:16:54","slug":"toxina-botulinica-botox","status":"publish","type":"page","link":"https:\/\/odontodulce.com.br\/index.php\/toxina-botulinica-botox\/","title":{"rendered":"Toxina Botul\u00ednica (Botox\u00ae)"},"content":{"rendered":"<p><img fetchpriority=\"high\" decoding=\"async\" class=\"size-full wp-image-99 aligncenter\" src=\"https:\/\/odontodulce.com.br\/wp-content\/uploads\/2016\/09\/botox.jpg\" alt=\"botox\" width=\"628\" height=\"418\" srcset=\"https:\/\/odontodulce.com.br\/wp-content\/uploads\/2016\/09\/botox.jpg 628w, https:\/\/odontodulce.com.br\/wp-content\/uploads\/2016\/09\/botox-300x200.jpg 300w\" sizes=\"(max-width: 628px) 100vw, 628px\" \/><\/p>\n<p>Toxina Botul\u00ednica, famoso Botox\u00ae, conhecida por disfar\u00e7ar rugas de express\u00e3o e flacidez no rosto, \u00e9 utilizada tamb\u00e9m no tratamento odontol\u00f3gico para a resolu\u00e7\u00e3o dos casos de sorriso gengival, tratamento do bruxismo e dores de cabe\u00e7a de origem odontol\u00f3gica, dentre outros. \u201cA Toxina Botul\u00ednica \u00e9 mais um recurso terap\u00eautico que a odontologia disp\u00f5e para solucionar problemas\u201d.<\/p>\n<p>A Toxina Botul\u00ednica age paralisando o m\u00fasculo que est\u00e1 em hiperfun\u00e7\u00e3o, devolvendo-lhe o estado de normalidade. O procedimento \u00e9 seguro e n\u00e3o h\u00e1 nenhum comprometimento motor da boca.<\/p>\n<p>Para o bruxismo, por exemplo, a toxina botul\u00ednica ajuda tanto os pacientes que rangem quanto os que apertam os dentes<\/p>\n<p>Pacientes que ao sorrirem mostram a gengiva em excesso \u2013 chamado sorriso gengival \u2013 podem escapar\/ livrar-se da cirurgia nos casos em que a dist\u00e2ncia do l\u00e1bio at\u00e9 a gengiva n\u00e3o excede tr\u00eas mil\u00edmetros. A toxina botul\u00ednica \u00e9 muito \u00fatil ainda na prepara\u00e7\u00e3o dos m\u00fasculos da boca do paciente que vai fazer implante dent\u00e1rio. A subst\u00e2ncia ajuda no relaxamento da musculatura da mastiga\u00e7\u00e3o, o que favorece a adapta\u00e7\u00e3o ao uso de pr\u00f3teses dent\u00e1rias.<\/p>\n<p>Assim como acontece quando usado para fins est\u00e9ticos, pela Medicina, a toxina botul\u00ednica na odontologia tamb\u00e9m tem dura\u00e7\u00e3o de seis meses e precisa ser reaplicado para continuidade do resultado.<\/p>\n","protected":false},"excerpt":{"rendered":"<p>Toxina Botul\u00ednica, famoso Botox\u00ae, conhecida por disfar\u00e7ar rugas de express\u00e3o e flacidez no rosto, \u00e9 utilizada tamb\u00e9m no tratamento odontol\u00f3gico para a resolu\u00e7\u00e3o dos casos de sorriso gengival, tratamento do bruxismo e dores de cabe\u00e7a de origem odontol\u00f3gica, dentre outros. \u201cA Toxina Botul\u00ednica \u00e9 mais um recurso terap\u00eautico que a odontologia disp\u00f5e para solucionar problemas\u201d. [&hellip;]<\/p>\n","protected":false},"author":1,"featured_media":0,"parent":0,"menu_order":0,"comment_status":"closed","ping_status":"closed","template":"","meta":{"_joinchat":[],"footnotes":""},"class_list":["post-39","page","type-page","status-publish","hentry"],"_links":{"self":[{"href":"https:\/\/odontodulce.com.br\/index.php\/wp-json\/wp\/v2\/pages\/39","targetHints":{"allow":["GET"]}}],"collection":[{"href":"https:\/\/odontodulce.com.br\/index.php\/wp-json\/wp\/v2\/pages"}],"about":[{"href":"https:\/\/odontodulce.com.br\/index.php\/wp-json\/wp\/v2\/types\/page"}],"author":[{"embeddable":true,"href":"https:\/\/odontodulce.com.br\/index.php\/wp-json\/wp\/v2\/users\/1"}],"replies":[{"embeddable":true,"href":"https:\/\/odontodulce.com.br\/index.php\/wp-json\/wp\/v2\/comments?post=39"}],"version-history":[{"count":0,"href":"https:\/\/odontodulce.com.br\/index.php\/wp-json\/wp\/v2\/pages\/39\/revisions"}],"wp:attachment":[{"href":"https:\/\/odontodulce.com.br\/index.php\/wp-json\/wp\/v2\/media?parent=39"}],"curies":[{"name":"wp","href":"https:\/\/api.w.org\/{rel}","templated":true}]}}